{"id":931,"date":"2024-11-07T13:47:05","date_gmt":"2024-11-07T13:47:05","guid":{"rendered":"https:\/\/startersites.io\/elementor\/furniture\/?page_id=931"},"modified":"2026-01-19T17:31:47","modified_gmt":"2026-01-19T15:31:47","slug":"accueil","status":"publish","type":"page","link":"https:\/\/dev.explore.brussels\/nl\/","title":{"rendered":"Home"},"content":{"rendered":"<div data-elementor-type=\"wp-page\" data-elementor-id=\"931\" class=\"elementor elementor-931\" data-elementor-post-type=\"page\">\n\t\t\t\t<div class=\"elementor-element elementor-element-16a6b5a e-flex e-con-boxed e-con e-parent\" data-id=\"16a6b5a\" data-element_type=\"container\">\n\t\t\t\t\t<div class=\"e-con-inner\">\n\t\t<div class=\"elementor-element elementor-element-62a866c ct-hero e-flex e-con-boxed e-con e-child\" data-id=\"62a866c\" data-element_type=\"container\" data-settings=\"{&quot;background_background&quot;:&quot;classic&quot;}\">\n\t\t\t\t\t<div class=\"e-con-inner\">\n\t\t\t\t<div class=\"elementor-element elementor-element-b988174 elementor-widget elementor-widget-heading\" data-id=\"b988174\" data-element_type=\"widget\" data-widget_type=\"heading.default\">\n\t\t\t\t\t<h2 class=\"elementor-heading-title elementor-size-default\">Welkom op de boekingssite van Explore Brussels<\/h2>\t\t\t\t<\/div>\n\t\t\t\t\t<\/div>\n\t\t\t\t<\/div>\n\t\t\t\t\t<\/div>\n\t\t\t\t<\/div>\n\t\t<div class=\"elementor-element elementor-element-58c0b80 e-flex e-con-boxed e-con e-parent\" data-id=\"58c0b80\" data-element_type=\"container\">\n\t\t\t\t\t<div class=\"e-con-inner\">\n\t\t\t\t<div class=\"elementor-element elementor-element-0beca9f elementor-widget__width-initial elementor-widget elementor-widget-heading\" data-id=\"0beca9f\" data-element_type=\"widget\" data-widget_type=\"heading.default\">\n\t\t\t\t\t<h3 class=\"elementor-heading-title elementor-size-default\">BANAD Festival 2026 boekingen<br>\nis beschikbaar vanaf 14.00 uur op 3 februari<\/h3>\t\t\t\t<\/div>\n\t\t\t\t\t<\/div>\n\t\t\t\t<\/div>\n\t\t<div class=\"elementor-element elementor-element-e86071e e-grid e-con-boxed e-con e-parent\" data-id=\"e86071e\" data-element_type=\"container\">\n\t\t\t\t\t<div class=\"e-con-inner\">\n\t\t<div class=\"elementor-element elementor-element-3100ef1 e-con-full e-flex e-con e-child\" data-id=\"3100ef1\" data-element_type=\"container\">\n\t\t\t\t<div class=\"elementor-element elementor-element-23ea469 elementor-widget elementor-widget-image\" data-id=\"23ea469\" data-element_type=\"widget\" data-widget_type=\"image.default\">\n\t\t\t\t\t\t\t\t\t\t\t\t\t\t\t<img fetchpriority=\"high\" decoding=\"async\" width=\"400\" height=\"400\" src=\"https:\/\/dev.explore.brussels\/wp-content\/uploads\/2026\/01\/07-quaker-house-2015-eb-photographe-sophie-voituron.jpg\" class=\"attachment-large size-large wp-image-3830\" alt=\"\" srcset=\"https:\/\/dev.explore.brussels\/wp-content\/uploads\/2026\/01\/07-quaker-house-2015-eb-photographe-sophie-voituron.jpg 400w, https:\/\/dev.explore.brussels\/wp-content\/uploads\/2026\/01\/07-quaker-house-2015-eb-photographe-sophie-voituron-300x300.jpg 300w, https:\/\/dev.explore.brussels\/wp-content\/uploads\/2026\/01\/07-quaker-house-2015-eb-photographe-sophie-voituron-150x150.jpg 150w, https:\/\/dev.explore.brussels\/wp-content\/uploads\/2026\/01\/07-quaker-house-2015-eb-photographe-sophie-voituron-12x12.jpg 12w\" sizes=\"(max-width: 400px) 100vw, 400px\" title=\"\">\t\t\t\t\t\t\t\t\t\t\t\t\t\t\t<\/div>\n\t\t<div class=\"elementor-element elementor-element-505ea8d e-con-full e-flex e-con e-child\" data-id=\"505ea8d\" data-element_type=\"container\" data-settings=\"{&quot;background_background&quot;:&quot;classic&quot;,&quot;position&quot;:&quot;absolute&quot;}\">\n\t\t\t\t<div class=\"elementor-element elementor-element-39e0b15 elementor-align-center elementor-widget elementor-widget-button\" data-id=\"39e0b15\" data-element_type=\"widget\" data-widget_type=\"button.default\">\n\t\t\t\t\t\t\t\t\t\t<a class=\"elementor-button elementor-button-link elementor-size-sm\" href=\"https:\/\/dev.explore.brussels\/nl\/mijn-rekening\/\">\n\t\t\t\t\t\t<span class=\"elementor-button-content-wrapper\">\n\t\t\t\t\t\t\t\t\t<span class=\"elementor-button-text\">Aanmelden<\/span>\n\t\t\t\t\t<\/span>\n\t\t\t\t\t<\/a>\n\t\t\t\t\t\t\t\t<\/div>\n\t\t\t\t<\/div>\n\t\t\t\t<\/div>\n\t\t<div class=\"elementor-element elementor-element-7c606c1 e-con-full e-flex e-con e-child\" data-id=\"7c606c1\" data-element_type=\"container\">\n\t\t\t\t<div class=\"elementor-element elementor-element-a45d0cd elementor-widget elementor-widget-image\" data-id=\"a45d0cd\" data-element_type=\"widget\" data-widget_type=\"image.default\">\n\t\t\t\t\t\t\t\t\t\t\t\t\t\t\t<img decoding=\"async\" width=\"400\" height=\"400\" src=\"https:\/\/dev.explore.brussels\/wp-content\/uploads\/2026\/01\/ancien-groupe-scolaire-josaphat-ecole-communale-n1-eb-endre-sebok-1.jpg\" class=\"attachment-large size-large wp-image-3833\" alt=\"\" srcset=\"https:\/\/dev.explore.brussels\/wp-content\/uploads\/2026\/01\/ancien-groupe-scolaire-josaphat-ecole-communale-n1-eb-endre-sebok-1.jpg 400w, https:\/\/dev.explore.brussels\/wp-content\/uploads\/2026\/01\/ancien-groupe-scolaire-josaphat-ecole-communale-n1-eb-endre-sebok-1-300x300.jpg 300w, https:\/\/dev.explore.brussels\/wp-content\/uploads\/2026\/01\/ancien-groupe-scolaire-josaphat-ecole-communale-n1-eb-endre-sebok-1-150x150.jpg 150w, https:\/\/dev.explore.brussels\/wp-content\/uploads\/2026\/01\/ancien-groupe-scolaire-josaphat-ecole-communale-n1-eb-endre-sebok-1-12x12.jpg 12w\" sizes=\"(max-width: 400px) 100vw, 400px\" title=\"\">\t\t\t\t\t\t\t\t\t\t\t\t\t\t\t<\/div>\n\t\t<div class=\"elementor-element elementor-element-57f184e e-con-full e-flex e-con e-child\" data-id=\"57f184e\" data-element_type=\"container\" data-settings=\"{&quot;background_background&quot;:&quot;classic&quot;,&quot;position&quot;:&quot;absolute&quot;}\">\n\t\t\t\t<div class=\"elementor-element elementor-element-75cfb91 elementor-align-center elementor-widget elementor-widget-button\" data-id=\"75cfb91\" data-element_type=\"widget\" data-widget_type=\"button.default\">\n\t\t\t\t\t\t\t\t\t\t<a class=\"elementor-button elementor-button-link elementor-size-sm\" href=\"https:\/\/dev.explore.brussels\/nl\/winkelen\/\">\n\t\t\t\t\t\t<span class=\"elementor-button-content-wrapper\">\n\t\t\t\t\t\t\t\t\t<span class=\"elementor-button-text\">Boek<\/span>\n\t\t\t\t\t<\/span>\n\t\t\t\t\t<\/a>\n\t\t\t\t\t\t\t\t<\/div>\n\t\t\t\t<div class=\"elementor-element elementor-element-640fc83 elementor-widget elementor-widget-text-editor\" data-id=\"640fc83\" data-element_type=\"widget\" data-widget_type=\"text-editor.default\">\n\t\t\t\t\t\t\t\t\t<p>03\/02\/2026 om 14u: opening van reserveringen voor individuen met een \u00e0 la carte keuze<\/p>\t\t\t\t\t\t\t\t<\/div>\n\t\t\t\t<\/div>\n\t\t\t\t<\/div>\n\t\t<div class=\"elementor-element elementor-element-e7865c6 e-con-full e-flex e-con e-child\" data-id=\"e7865c6\" data-element_type=\"container\">\n\t\t\t\t<div class=\"elementor-element elementor-element-f05b6b1 elementor-widget elementor-widget-image\" data-id=\"f05b6b1\" data-element_type=\"widget\" data-widget_type=\"image.default\">\n\t\t\t\t\t\t\t\t\t\t\t\t\t\t\t<img decoding=\"async\" width=\"400\" height=\"400\" src=\"https:\/\/dev.explore.brussels\/wp-content\/uploads\/2026\/01\/09-maison-taelemans-eb-ph-endre-sebok.jpg\" class=\"attachment-large size-large wp-image-3831\" alt=\"\" srcset=\"https:\/\/dev.explore.brussels\/wp-content\/uploads\/2026\/01\/09-maison-taelemans-eb-ph-endre-sebok.jpg 400w, https:\/\/dev.explore.brussels\/wp-content\/uploads\/2026\/01\/09-maison-taelemans-eb-ph-endre-sebok-300x300.jpg 300w, https:\/\/dev.explore.brussels\/wp-content\/uploads\/2026\/01\/09-maison-taelemans-eb-ph-endre-sebok-150x150.jpg 150w, https:\/\/dev.explore.brussels\/wp-content\/uploads\/2026\/01\/09-maison-taelemans-eb-ph-endre-sebok-12x12.jpg 12w\" sizes=\"(max-width: 400px) 100vw, 400px\" title=\"\">\t\t\t\t\t\t\t\t\t\t\t\t\t\t\t<\/div>\n\t\t<div class=\"elementor-element elementor-element-b597499 e-con-full e-flex e-con e-child\" data-id=\"b597499\" data-element_type=\"container\" data-settings=\"{&quot;background_background&quot;:&quot;classic&quot;,&quot;position&quot;:&quot;absolute&quot;}\">\n\t\t\t\t<div class=\"elementor-element elementor-element-3cb88a0 elementor-align-center elementor-widget elementor-widget-button\" data-id=\"3cb88a0\" data-element_type=\"widget\" data-widget_type=\"button.default\">\n\t\t\t\t\t\t\t\t\t\t<a class=\"elementor-button elementor-button-link elementor-size-sm\" href=\"https:\/\/dev.explore.brussels\/nl\/gebruiksaanwijzing\/\">\n\t\t\t\t\t\t<span class=\"elementor-button-content-wrapper\">\n\t\t\t\t\t\t\t\t\t<span class=\"elementor-button-text\">Gebruiksaanwijzingen<\/span>\n\t\t\t\t\t<\/span>\n\t\t\t\t\t<\/a>\n\t\t\t\t\t\t\t\t<\/div>\n\t\t\t\t<div class=\"elementor-element elementor-element-2fc58c0 elementor-widget elementor-widget-text-editor\" data-id=\"2fc58c0\" data-element_type=\"widget\" data-widget_type=\"text-editor.default\">\n\t\t\t\t\t\t\t\t\t<p>Ontdek hoe je een bestelling plaatst.<br \/><br \/><\/p>\t\t\t\t\t\t\t\t<\/div>\n\t\t\t\t<\/div>\n\t\t\t\t<\/div>\n\t\t<div class=\"elementor-element elementor-element-364d6ee e-con-full e-flex e-con e-child\" data-id=\"364d6ee\" data-element_type=\"container\">\n\t\t\t\t<div class=\"elementor-element elementor-element-146f7b4 elementor-widget elementor-widget-image\" data-id=\"146f7b4\" data-element_type=\"widget\" data-widget_type=\"image.default\">\n\t\t\t\t\t\t\t\t\t\t\t\t\t\t\t<img loading=\"lazy\" decoding=\"async\" width=\"400\" height=\"400\" src=\"https:\/\/dev.explore.brussels\/wp-content\/uploads\/2026\/01\/60-Hotel-Cohn-Donnay-2015-\u00a9EB-ph.-Sophie-Voituron.jpg\" class=\"attachment-large size-large wp-image-3832\" alt=\"\" srcset=\"https:\/\/dev.explore.brussels\/wp-content\/uploads\/2026\/01\/60-Hotel-Cohn-Donnay-2015-\u00a9EB-ph.-Sophie-Voituron.jpg 400w, https:\/\/dev.explore.brussels\/wp-content\/uploads\/2026\/01\/60-Hotel-Cohn-Donnay-2015-\u00a9EB-ph.-Sophie-Voituron-300x300.jpg 300w, https:\/\/dev.explore.brussels\/wp-content\/uploads\/2026\/01\/60-Hotel-Cohn-Donnay-2015-\u00a9EB-ph.-Sophie-Voituron-150x150.jpg 150w\" sizes=\"(max-width: 400px) 100vw, 400px\" title=\"\">\t\t\t\t\t\t\t\t\t\t\t\t\t\t\t<\/div>\n\t\t<div class=\"elementor-element elementor-element-305b8dc e-con-full e-flex e-con e-child\" data-id=\"305b8dc\" data-element_type=\"container\" data-settings=\"{&quot;background_background&quot;:&quot;classic&quot;,&quot;position&quot;:&quot;absolute&quot;}\">\n\t\t\t\t<div class=\"elementor-element elementor-element-17327a2 elementor-align-center elementor-widget elementor-widget-button\" data-id=\"17327a2\" data-element_type=\"widget\" data-widget_type=\"button.default\">\n\t\t\t\t\t\t\t\t\t\t<a class=\"elementor-button elementor-button-link elementor-size-sm\" href=\"https:\/\/www.banad.brussels\/visites-individuelles\/\" target=\"_blank\" rel=\"noopener\">\n\t\t\t\t\t\t<span class=\"elementor-button-content-wrapper\">\n\t\t\t\t\t\t\t\t\t<span class=\"elementor-button-text\">Ontdek de omgeving<\/span>\n\t\t\t\t\t<\/span>\n\t\t\t\t\t<\/a>\n\t\t\t\t\t\t\t\t<\/div>\n\t\t\t\t<div class=\"elementor-element elementor-element-aefd480 elementor-widget elementor-widget-text-editor\" data-id=\"aefd480\" data-element_type=\"widget\" data-widget_type=\"text-editor.default\">\n\t\t\t\t\t\t\t\t\t<p>Ontdek alle locaties voordat je boekt<br \/><br \/><\/p>\t\t\t\t\t\t\t\t<\/div>\n\t\t\t\t<\/div>\n\t\t\t\t<\/div>\n\t\t\t\t\t<\/div>\n\t\t\t\t<\/div>\n\t\t<div class=\"elementor-element elementor-element-98005a0 e-flex e-con-boxed e-con e-parent\" data-id=\"98005a0\" data-element_type=\"container\">\n\t\t\t\t\t<div class=\"e-con-inner\">\n\t\t<div class=\"elementor-element elementor-element-79ee9b0 e-con-full e-flex e-con e-child\" data-id=\"79ee9b0\" data-element_type=\"container\">\n\t\t\t\t<div class=\"elementor-element elementor-element-02b5349 elementor-widget elementor-widget-heading\" data-id=\"02b5349\" data-element_type=\"widget\" data-widget_type=\"heading.default\">\n\t\t\t\t\t<h3 class=\"elementor-heading-title elementor-size-default\">Brussel Art Nouveau Art Deco Festival 2026<\/h3>\t\t\t\t<\/div>\n\t\t\t\t<div class=\"elementor-element elementor-element-a5a03d1 elementor-widget elementor-widget-text-editor\" data-id=\"a5a03d1\" data-element_type=\"widget\" data-widget_type=\"text-editor.default\">\n\t\t\t\t\t\t\t\t\t<p>De tiende editie van het Brussels Art Nouveau Art Deco Festival vindt plaats tijdens drie weekends, van 14 tot 29 maart 2026. Het BANAD Festival is een uitnodiging om opmerkelijke plaatsen te ontdekken die de Art Nouveau en Art Deco architectuur van het Brusselse Gewest onthullen.<\/p><p>Op het programma: bezoeken aan een zestigtal interieurs die gewoonlijk gesloten zijn voor het publiek (sommige voor de allereerste keer toegankelijk), een twintigtal thematische rondleidingen die te voet of met de fiets gevolgd kunnen worden, originele lezingen, inclusieve en gezinsactiviteiten, en last but not least de beroemde Objectenbeurs en de Salon des restaurateurs &amp; experts.<\/p>\t\t\t\t\t\t\t\t<\/div>\n\t\t\t\t<\/div>\n\t\t<div class=\"elementor-element elementor-element-d8c276a e-con-full e-flex e-con e-child\" data-id=\"d8c276a\" data-element_type=\"container\">\n\t\t\t\t<div class=\"elementor-element elementor-element-859ce58 elementor-widget elementor-widget-image\" data-id=\"859ce58\" data-element_type=\"widget\" data-widget_type=\"image.default\">\n\t\t\t\t\t\t\t\t\t\t\t\t\t\t\t<img loading=\"lazy\" decoding=\"async\" width=\"1000\" height=\"1000\" src=\"https:\/\/dev.explore.brussels\/wp-content\/uploads\/2026\/01\/hotel-waxweiler-endre-sebok-2.jpg\" class=\"attachment-full size-full wp-image-3834\" alt=\"\" srcset=\"https:\/\/dev.explore.brussels\/wp-content\/uploads\/2026\/01\/hotel-waxweiler-endre-sebok-2.jpg 1000w, https:\/\/dev.explore.brussels\/wp-content\/uploads\/2026\/01\/hotel-waxweiler-endre-sebok-2-300x300.jpg 300w, https:\/\/dev.explore.brussels\/wp-content\/uploads\/2026\/01\/hotel-waxweiler-endre-sebok-2-150x150.jpg 150w, https:\/\/dev.explore.brussels\/wp-content\/uploads\/2026\/01\/hotel-waxweiler-endre-sebok-2-768x768.jpg 768w, https:\/\/dev.explore.brussels\/wp-content\/uploads\/2026\/01\/hotel-waxweiler-endre-sebok-2-12x12.jpg 12w, https:\/\/dev.explore.brussels\/wp-content\/uploads\/2026\/01\/hotel-waxweiler-endre-sebok-2-500x500.jpg 500w, https:\/\/dev.explore.brussels\/wp-content\/uploads\/2026\/01\/hotel-waxweiler-endre-sebok-2-800x800.jpg 800w\" sizes=\"(max-width: 1000px) 100vw, 1000px\" title=\"\">\t\t\t\t\t\t\t\t\t\t\t\t\t\t\t<\/div>\n\t\t\t\t<\/div>\n\t\t\t\t\t<\/div>\n\t\t\t\t<\/div>\n\t\t\t\t<\/div>","protected":false},"excerpt":{"rendered":"<p>Bienvenue sur le site de r\u00e9servation d&rsquo;Explore Brussels Les r\u00e9servations du BANAD Festival 2026 seront accessibles d\u00e8s le 3 f\u00e9vrier \u00e0 14h00 Se connecter R\u00e9server 03\/02\/2026 \u00e0 14h: ouverture des r\u00e9servations pour le public individuel avec choix \u00e0 la carte Mode d&#8217;emploi D\u00e9couvrez comment r\u00e9aliser une commande. D\u00e9couvrir les lieux D\u00e9couvrez l&rsquo;ensemble des lieux avant [&hellip;]<\/p>","protected":false},"author":1,"featured_media":0,"parent":0,"menu_order":0,"comment_status":"closed","ping_status":"closed","template":"","meta":{"_analytify_skip_tracking":false,"footnotes":""},"class_list":["post-931","page","type-page","status-publish","hentry"],"blocksy_meta":{"has_hero_section":"disabled","vertical_spacing_source":"custom","content_area_spacing":"none","styles_descriptor":{"styles":{"desktop":"","tablet":"","mobile":""},"google_fonts":[],"version":6}},"_links":{"self":[{"href":"https:\/\/dev.explore.brussels\/nl\/wp-json\/wp\/v2\/pages\/931","targetHints":{"allow":["GET"]}}],"collection":[{"href":"https:\/\/dev.explore.brussels\/nl\/wp-json\/wp\/v2\/pages"}],"about":[{"href":"https:\/\/dev.explore.brussels\/nl\/wp-json\/wp\/v2\/types\/page"}],"author":[{"embeddable":true,"href":"https:\/\/dev.explore.brussels\/nl\/wp-json\/wp\/v2\/users\/1"}],"replies":[{"embeddable":true,"href":"https:\/\/dev.explore.brussels\/nl\/wp-json\/wp\/v2\/comments?post=931"}],"version-history":[{"count":47,"href":"https:\/\/dev.explore.brussels\/nl\/wp-json\/wp\/v2\/pages\/931\/revisions"}],"predecessor-version":[{"id":5829,"href":"https:\/\/dev.explore.brussels\/nl\/wp-json\/wp\/v2\/pages\/931\/revisions\/5829"}],"wp:attachment":[{"href":"https:\/\/dev.explore.brussels\/nl\/wp-json\/wp\/v2\/media?parent=931"}],"curies":[{"name":"wp","href":"https:\/\/api.w.org\/{rel}","templated":true}]}}